{"id":52,"date":"2014-04-13T16:20:18","date_gmt":"2014-04-13T13:20:18","guid":{"rendered":"http:\/\/www.rtvry.fi\/?page_id=52"},"modified":"2025-02-16T12:32:20","modified_gmt":"2025-02-16T10:32:20","slug":"hinnasto","status":"publish","type":"page","link":"https:\/\/www.rtvry.fi\/?page_id=52","title":{"rendered":"Hinnasto"},"content":{"rendered":"<table style=\"height: 1085px;\" border=\"0\" width=\"556\" cellspacing=\"0\" cellpadding=\"0\">\n<tbody>\n<tr>\n<td width=\"325\"><strong>Maksu<\/strong><\/td>\n<td width=\"215\"><\/td>\n<\/tr>\n<tr>\n<td>Liittymismaksu<\/td>\n<td>200 \u20ac<\/td>\n<\/tr>\n<tr>\n<td>J\u00e4senmaksu<\/td>\n<td>35 \u20ac<\/td>\n<\/tr>\n<tr>\n<td>Puoliso ja nuorisoliittymismaksu<\/td>\n<td>10 \u20ac<\/td>\n<\/tr>\n<tr>\n<td>Puolisoj\u00e4senmaksu<\/td>\n<td>15 \u20ac<\/td>\n<\/tr>\n<tr>\n<td>Nuorisoj\u00e4senmaksu<\/td>\n<td>5 \u20ac<\/td>\n<\/tr>\n<tr>\n<td><\/td>\n<td><\/td>\n<\/tr>\n<tr>\n<td width=\"325\"><strong>Katsastus<\/strong><\/td>\n<td width=\"215\"><\/td>\n<\/tr>\n<tr>\n<td>Veneiden katsastusmaksu<\/td>\n<td>15 \u20ac<\/td>\n<\/tr>\n<tr>\n<td>Katsastusmaksu muina kuin ilmoitettuina aikoina<\/td>\n<td>20 \u20ac<\/td>\n<\/tr>\n<tr>\n<td><\/td>\n<td><\/td>\n<\/tr>\n<tr>\n<td width=\"325\"><strong>Nosturin k\u00e4ytt\u00f6<\/strong><\/td>\n<td width=\"215\"><\/td>\n<\/tr>\n<tr>\n<td>Veneet (seuran veneet)<\/td>\n<td>35 \u20ac<\/td>\n<\/tr>\n<tr>\n<td>Ulkopuoliset<\/td>\n<td>55 \u20ac<\/td>\n<\/tr>\n<tr>\n<td>V\u00e4linosto<\/td>\n<td>35 \u20ac<\/td>\n<\/tr>\n<tr>\n<td>Nosto ajalla 1.11.-15.3.<\/td>\n<td>105 \u20ac \/ alkava tunti<\/td>\n<\/tr>\n<tr>\n<td>H\u00e4t\u00e4nostot seuran ulkopuolisilta<\/td>\n<td>105 \u20ac<\/td>\n<\/tr>\n<tr>\n<td>Seuran ulkopuolisten s\u00e4ilytysmaksu\/vrk h\u00e4t\u00e4nostoa seuraava vrk alkaen<\/td>\n<td>20 \u20ac<\/td>\n<\/tr>\n<tr>\n<td><\/td>\n<td><\/td>\n<\/tr>\n<tr>\n<td width=\"325\"><strong>Telakka<\/strong><\/td>\n<td width=\"215\"><\/td>\n<\/tr>\n<tr>\n<td>L\u00e4mmitett\u00e4v\u00e4 hallitila\/ kk<\/td>\n<td>85 \u20ac<\/td>\n<\/tr>\n<tr>\n<td>Kes\u00e4-, hein\u00e4- ja elokuulla mahdollista vuokrata kalenteriviikoksi kerrallaan<\/td>\n<td>30 \u20ac\/vk<\/td>\n<\/tr>\n<tr>\n<td>Ulkos\u00e4ilytys seuran j\u00e4senilt\u00e4 (neli\u00f6hinta)<\/td>\n<td>2.30 \u20ac<\/td>\n<\/tr>\n<tr>\n<td>Traktorin k\u00e4ytt\u00f6maksu siirtoihin<\/td>\n<td>10 \u20ac<\/td>\n<\/tr>\n<tr>\n<td>Traktorin k\u00e4ytt\u00f6 RTV:n alueen ulkopuolella<\/td>\n<td>20 \u20ac<\/td>\n<\/tr>\n<tr>\n<td>Rikauksen k\u00e4ytt\u00f6 kaikilta<\/td>\n<td>5 \u20ac<\/td>\n<\/tr>\n<tr>\n<td>Veneen vesipesu altaassa (ei pesuaineita)<\/td>\n<td>5 \u20ac<\/td>\n<\/tr>\n<tr>\n<td>Trailerin s\u00e4ilytys kes\u00e4aikana<\/td>\n<td>30 \u20ac<\/td>\n<\/tr>\n<tr>\n<td>Hallipaikan vuosivuokra (neli\u00f6) + kulut jyvitettyn\u00e4<\/td>\n<td>1,85 \u20ac + kulut lasketaan vuosittain erikseen<\/td>\n<\/tr>\n<tr>\n<td><\/td>\n<td><\/td>\n<\/tr>\n<tr>\n<td width=\"325\"><strong>Lev\u00e4tys<\/strong><\/td>\n<td width=\"215\"><\/td>\n<\/tr>\n<tr>\n<td>Lev\u00e4tyksen laituris\u00e4hk\u00f6<\/td>\n<td>2 \u20ac\/vrk, minimilaskutus 10 \u20ac<\/td>\n<\/tr>\n<tr>\n<td>Lev\u00e4tyksen avain<\/td>\n<td>13 \u20ac<\/td>\n<\/tr>\n<tr>\n<td><\/td>\n<td><\/td>\n<\/tr>\n<tr>\n<td width=\"325\"><strong>Hinnasto<\/strong><\/td>\n<td width=\"215\"><\/td>\n<\/tr>\n<tr>\n<td>Per\u00e4lippu 66 x 108<\/td>\n<td>35 \u20ac<\/td>\n<\/tr>\n<tr>\n<td>Per\u00e4lippu 55 x 90<\/td>\n<td>30 \u20ac<\/td>\n<\/tr>\n<tr>\n<td>Per\u00e4lippu 44 x 72<\/td>\n<td>25 \u20ac<\/td>\n<\/tr>\n<tr>\n<td>Per\u00e4lippu 33 x 54<\/td>\n<td>21 \u20ac<\/td>\n<\/tr>\n<tr>\n<td>Viiri veneeseen<\/td>\n<td>20 \u20ac<\/td>\n<\/tr>\n<tr>\n<td>Seuran tarra<\/td>\n<td>2 \u20ac<\/td>\n<\/tr>\n<tr>\n<td>Rintamerkki<\/td>\n<td>10 \u20ac<\/td>\n<\/tr>\n<tr>\n<td>Asusteet ja muut tiedustele Hannele M\u00e4nnist\u00f6<\/td>\n<td>0503205014<\/td>\n<\/tr>\n<tr>\n<td><\/td>\n<td><\/td>\n<\/tr>\n<\/tbody>\n<\/table>\n","protected":false},"excerpt":{"rendered":"<p>Maksu Liittymismaksu 200 \u20ac J\u00e4senmaksu 35 \u20ac Puoliso ja nuorisoliittymismaksu 10 \u20ac Puolisoj\u00e4senmaksu 15 \u20ac Nuorisoj\u00e4senmaksu 5 \u20ac Katsastus Veneiden katsastusmaksu 15 \u20ac Katsastusmaksu muina kuin ilmoitettuina aikoina 20 \u20ac Nosturin k\u00e4ytt\u00f6 Veneet (seuran veneet) 35 \u20ac Ulkopuoliset 55 \u20ac V\u00e4linosto 35 \u20ac Nosto ajalla 1.11.-15.3. 105 \u20ac \/ alkava tunti H\u00e4t\u00e4nostot seuran ulkopuolisilta 105 &#8230; <a title=\"Hinnasto\" class=\"read-more\" href=\"https:\/\/www.rtvry.fi\/?page_id=52\">Lue lis\u00e4\u00e4<\/a><\/p>\n","protected":false},"author":1,"featured_media":0,"parent":14,"menu_order":0,"comment_status":"closed","ping_status":"closed","template":"","meta":{"generate_page_header":""},"_links":{"self":[{"href":"https:\/\/www.rtvry.fi\/index.php?rest_route=\/wp\/v2\/pages\/52"}],"collection":[{"href":"https:\/\/www.rtvry.fi\/index.php?rest_route=\/wp\/v2\/pages"}],"about":[{"href":"https:\/\/www.rtvry.fi\/index.php?rest_route=\/wp\/v2\/types\/page"}],"author":[{"embeddable":true,"href":"https:\/\/www.rtvry.fi\/index.php?rest_route=\/wp\/v2\/users\/1"}],"replies":[{"embeddable":true,"href":"https:\/\/www.rtvry.fi\/index.php?rest_route=%2Fwp%2Fv2%2Fcomments&post=52"}],"version-history":[{"count":11,"href":"https:\/\/www.rtvry.fi\/index.php?rest_route=\/wp\/v2\/pages\/52\/revisions"}],"predecessor-version":[{"id":1425,"href":"https:\/\/www.rtvry.fi\/index.php?rest_route=\/wp\/v2\/pages\/52\/revisions\/1425"}],"up":[{"embeddable":true,"href":"https:\/\/www.rtvry.fi\/index.php?rest_route=\/wp\/v2\/pages\/14"}],"wp:attachment":[{"href":"https:\/\/www.rtvry.fi\/index.php?rest_route=%2Fwp%2Fv2%2Fmedia&parent=52"}],"curies":[{"name":"wp","href":"https:\/\/api.w.org\/{rel}","templated":true}]}}