{"id":42,"date":"2014-04-13T16:16:04","date_gmt":"2014-04-13T13:16:04","guid":{"rendered":"http:\/\/www.rtvry.fi\/?page_id=42"},"modified":"2025-01-26T14:49:25","modified_gmt":"2025-01-26T12:49:25","slug":"katsastus","status":"publish","type":"page","link":"https:\/\/www.rtvry.fi\/?page_id=42","title":{"rendered":"Katsastus"},"content":{"rendered":"<p>Katsastusten tarkoituksena on yll\u00e4pit\u00e4\u00e4 ja kehitt\u00e4\u00e4 veneilyturvallisuutta ohjaamalla ja opastamalla veneilij\u00f6it\u00e4 veneidens\u00e4 hoitoa, varustamista ja varusteiden k\u00e4ytt\u00f6tasoa koskevissa asioissa, sek\u00e4 turvallisuusmy\u00f6nteisten\u00a0 asenteiden omaksumisessa. Katsastuksen t\u00e4rkeimp\u00e4n\u00e4 pyk\u00e4l\u00e4n\u00e4 on Merilain 8\u00a7:\u00a0\u00a0 &#8221;Aluksen tulee, sit\u00e4 merenkulkuun k\u00e4ytett\u00e4ess\u00e4, olla niin rakennettu, varustettu, miehitetty, ja vaadittavin tarvikkein varattu, ett\u00e4 ihmishenki\u00a0 ja omaisuus voidaan, ottaen huomioon sek\u00e4 kulkuveden laatu ett\u00e4 liikenne,\u00a0 johon alusta k\u00e4ytet\u00e4\u00e4n, katsoa turvalliseksi.&#8221; Vastuu veneest\u00e4 ja siin\u00e4 olevien henkil\u00f6iden turvallisuudesta on veneen omistajalla tai haltijalla, ja kulussa oltaessa p\u00e4\u00e4llikk\u00f6n\u00e4 toimivalla. Katsastus ei vapauta heit\u00e4 t\u00e4st\u00e4 vastuusta. P\u00e4\u00e4llik\u00f6n on ennen purjehdukselle l\u00e4ht\u00f6\u00e4 parhaansa mukaan varmistauduttua siit\u00e4, ett\u00e4 vene on t\u00e4ysin kunnossa, merikelpoinen ja riitt\u00e4v\u00e4sti varustettu sek\u00e4 miehitetty.<\/p>\n<h3>Katsastusmenettely<\/h3>\n<p>Katsastus jaetaan peruskatsastukseen ja vuosikatsastukseen. Katsastus tehd\u00e4\u00e4n purjehduskauden alussa kes\u00e4kuun loppuun menness\u00e4 ja se on voimassa seuraavan vuoden kes\u00e4kuun\u00a0 loppuun. seura voi harkintansa mukaan my\u00f6nt\u00e4\u00e4 pidennyst\u00e4 katsastuksen\u00a0 voimassaoloon tai poikkeuksia katsastuskaudesta. Katsastettu vene merkit\u00e4\u00e4n\u00a0 vuosittain kotiseuran venerekisterin, jolloin vene saa oikeuden k\u00e4ytt\u00e4\u00e4\u00a0 seuransa lippua. Katsastuksen suorittavat seuran siihen valtuuttamat,\u00a0 katsastajakurssin k\u00e4yneet katsastajat, joilla on liittojen my\u00f6nt\u00e4m\u00e4\u00a0 katsastajalupa. Vene voidaan katsastuttaa my\u00f6s vieraan seuran katsastajilla.\u00a0 Katsastuksesta perit\u00e4\u00e4n katsastusmaksu.<\/p>\n<p><a href=\"http:\/\/www.rtvry.fi\/?page_id=52\">Tarkista katsastusmaksut hinnastosta<\/a><\/p>\n<p>\u00a0<\/p>\n<p><strong>RTV:n katsastajat:<\/strong><\/p>\n<p>Petri Salminen Puh. 0503399600<\/p>\n<p>Visa Tyysk\u00e4 Puh. 0405824217<\/p>\n<p>Jarmo Heininen Puh. 0405021 909 \/ jarmo.h@dnainternet.net<\/p>\n<p>Jari Aaltonen Puh. 0408400271<\/p>\n<p>Tuija Virtanen Puh. 0407069232<\/p>\n<p>Ilona Helske Puh. 0403547812 \/ ilona.helske(at)gmail.com<\/p>\n<p>Pasi Siltanen Puh. 0400588993 \/ psiltanen27(at)gmail.com<\/p>\n\n\n<p><\/p>\n","protected":false},"excerpt":{"rendered":"<p>Katsastusten tarkoituksena on yll\u00e4pit\u00e4\u00e4 ja kehitt\u00e4\u00e4 veneilyturvallisuutta ohjaamalla ja opastamalla veneilij\u00f6it\u00e4 veneidens\u00e4 hoitoa, varustamista ja varusteiden k\u00e4ytt\u00f6tasoa koskevissa asioissa, sek\u00e4 turvallisuusmy\u00f6nteisten\u00a0 asenteiden omaksumisessa. Katsastuksen t\u00e4rkeimp\u00e4n\u00e4 pyk\u00e4l\u00e4n\u00e4 on Merilain 8\u00a7:\u00a0\u00a0 &#8221;Aluksen tulee, sit\u00e4 merenkulkuun k\u00e4ytett\u00e4ess\u00e4, olla niin rakennettu, varustettu, miehitetty, ja vaadittavin tarvikkein varattu, ett\u00e4 ihmishenki\u00a0 ja omaisuus voidaan, ottaen huomioon sek\u00e4 kulkuveden laatu ett\u00e4 liikenne,\u00a0 &#8230; <a title=\"Katsastus\" class=\"read-more\" href=\"https:\/\/www.rtvry.fi\/?page_id=42\">Lue lis\u00e4\u00e4<\/a><\/p>\n","protected":false},"author":1,"featured_media":0,"parent":10,"menu_order":0,"comment_status":"closed","ping_status":"closed","template":"","meta":{"generate_page_header":""},"_links":{"self":[{"href":"https:\/\/www.rtvry.fi\/index.php?rest_route=\/wp\/v2\/pages\/42"}],"collection":[{"href":"https:\/\/www.rtvry.fi\/index.php?rest_route=\/wp\/v2\/pages"}],"about":[{"href":"https:\/\/www.rtvry.fi\/index.php?rest_route=\/wp\/v2\/types\/page"}],"author":[{"embeddable":true,"href":"https:\/\/www.rtvry.fi\/index.php?rest_route=\/wp\/v2\/users\/1"}],"replies":[{"embeddable":true,"href":"https:\/\/www.rtvry.fi\/index.php?rest_route=%2Fwp%2Fv2%2Fcomments&post=42"}],"version-history":[{"count":14,"href":"https:\/\/www.rtvry.fi\/index.php?rest_route=\/wp\/v2\/pages\/42\/revisions"}],"predecessor-version":[{"id":1417,"href":"https:\/\/www.rtvry.fi\/index.php?rest_route=\/wp\/v2\/pages\/42\/revisions\/1417"}],"up":[{"embeddable":true,"href":"https:\/\/www.rtvry.fi\/index.php?rest_route=\/wp\/v2\/pages\/10"}],"wp:attachment":[{"href":"https:\/\/www.rtvry.fi\/index.php?rest_route=%2Fwp%2Fv2%2Fmedia&parent=42"}],"curies":[{"name":"wp","href":"https:\/\/api.w.org\/{rel}","templated":true}]}}