{"id":38,"date":"2014-04-13T16:11:17","date_gmt":"2014-04-13T13:11:17","guid":{"rendered":"http:\/\/www.rtvry.fi\/?page_id=38"},"modified":"2018-09-10T08:28:46","modified_gmt":"2018-09-10T05:28:46","slug":"seuran-saaritukikohta-merella","status":"publish","type":"page","link":"https:\/\/www.rtvry.fi\/?page_id=38","title":{"rendered":"Seuran saaritukikohta merell\u00e4"},"content":{"rendered":"<h3><a href=\"http:\/\/www.rtvry.fi\/wp-content\/uploads\/2014\/04\/levatys_iso.jpg\"><img decoding=\"async\" loading=\"lazy\" class=\"alignleft size-full wp-image-89\" alt=\"levatys_iso\" src=\"http:\/\/www.rtvry.fi\/wp-content\/uploads\/2014\/04\/levatys_iso.jpg\" width=\"488\" height=\"480\" srcset=\"https:\/\/www.rtvry.fi\/wp-content\/uploads\/2014\/04\/levatys_iso.jpg 488w, https:\/\/www.rtvry.fi\/wp-content\/uploads\/2014\/04\/levatys_iso-300x295.jpg 300w\" sizes=\"(max-width: 488px) 100vw, 488px\" \/><\/a>Lev\u00e4tys<\/h3>\n<p>Lev\u00e4tys, seuramme k\u00e4yt\u00f6ss\u00e4 oleva 1.72 ha suuruinen kaksiosainen kannaksella yhdistynyt luonnonkaunis saari sijaitsee Haapasaarenvedell\u00e4 noin 5 mailia Raumalta pohjoiseen, kahden metrin reimaroidun venereitin it\u00e4puolella, Reksaaren kartun etel\u00e4puolella.Lev\u00e4tyst\u00e4, seuramme syd\u00e4nt\u00e4 on m\u00e4\u00e4r\u00e4tietoisesti kehitetty ja rakennettu sen hallussaoloaikamme, se on luonut erinomaiset saaristomerim\u00e4iset puitteet erimuotoisille vapaa-ajan ja veneilytoiminnan muodoille kaikkina vuodenaikoina.<\/p>\n<p>Paikka on ihanteellinen sek\u00e4 nuorisotoiminnalle leireilyyn ett\u00e4 purjehduskoulutuksen ja merimiestaitojen oppimiseen. Aikuisv\u00e4est\u00f6n harrastusalueet ovat rajoittamattomat, kilpailutoiminnasta puhtaaseen rentoutumiseen.<\/p>\n<p>Saaren historia on kiehtova. 1900 luvun alussa siell\u00e4 asui i\u00e4k\u00e4s kalastajaperhe elellen yhden huoneen talossa niukkaa luonnonvaraista el\u00e4m\u00e4\u00e4. Kes\u00e4isin kaupunkilaiset k\u00e4yttiv\u00e4t viikonloppuisina Lev\u00e4tyst\u00e4 leirialueena. Rauman seudun kalastajainseura vuokrasi saaren 1930-luvulla August Lipsaselta kes\u00e4juhliensa viettopaikaksi, rakensivat 1936 rakennuksen juhliensa pitopaikaksi, joissa j\u00e4rjestettiin yleisi\u00e4 tanssitilaisuuksia aina 60-luvun vaihteeseen. Seuramme haltuun Lev\u00e4tys saatiin 23.12.1976 Pentti Lipsasen kanssa tekem\u00e4ll\u00e4 vuokrasopimuksella, jonka korvasi 1.6.1982 Rauman kaupungin kanssa uudistettu pitk\u00e4aikainen sopimus.<\/p>\n<h2>Lue: <a href=\"http:\/\/www.rtvry.fi\/?page_id=103\">Lev\u00e4tyksen j\u00e4rjestyss\u00e4\u00e4nn\u00f6t<\/a><\/h2>\n<p>&nbsp;<\/p>\n<h3>\u00a0Ankkalampi<\/h3>\n<p><strong>\u00a0<\/strong><a href=\"http:\/\/www.rtvry.fi\/wp-content\/uploads\/2014\/04\/levatys_ankkalampi.jpg\"><img decoding=\"async\" loading=\"lazy\" class=\"alignleft size-full wp-image-87\" alt=\"levatys_ankkalampi\" src=\"http:\/\/www.rtvry.fi\/wp-content\/uploads\/2014\/04\/levatys_ankkalampi.jpg\" width=\"400\" height=\"300\" srcset=\"https:\/\/www.rtvry.fi\/wp-content\/uploads\/2014\/04\/levatys_ankkalampi.jpg 400w, https:\/\/www.rtvry.fi\/wp-content\/uploads\/2014\/04\/levatys_ankkalampi-300x225.jpg 300w\" sizes=\"(max-width: 400px) 100vw, 400px\" \/><\/a>Saaren kaakkoisosaan on ruopattu 1.6m syvyinen suojainen\u00a0\u00a0\u00a0\u00a0\u00a0\u00a0 lampi, jonne johtaa noin 15 metrin levyinen kannakseen kaivettu r\u00e4nni. Lampi\u00a0\u00a0\u00a0\u00a0\u00a0\u00a0 on t\u00e4ysin tuuli sek\u00e4 n\u00e4k\u00f6suojainen paikka. Sis\u00e4laiturilla on pituutta noin\u00a0\u00a0\u00a0\u00a0\u00a0\u00a0 120 m, josta uusi levennetty 20 metrin osuus on rakennettu\u00a0\u00a0\u00a0\u00a0\u00a0\u00a0 seurustelupaikaksi johon on my\u00f6s veneill\u00e4 mahdollisuus per\u00e4 ja\u00a0\u00a0\u00a0\u00a0\u00a0\u00a0 kylkikiinnitykseen. Lammessa on my\u00f6s paikkoja kalliokiinnitykseen. Veneit\u00e4\u00a0\u00a0\u00a0\u00a0\u00a0\u00a0 lampeen mahtuu noin 40 kpl ankkurikiinnityksell\u00e4 laituriin. Laituriosassa on\u00a0\u00a0\u00a0\u00a0\u00a0\u00a0 valaistus sek\u00e4 mahdollisuus maas\u00e4hk\u00f6\u00f6n.<\/p>\n<p>Ankkalammen v\u00e4litt\u00f6m\u00e4ss\u00e4 l\u00e4heisyydess\u00e4 on kalanperkauskatos, kalan savustamo\u00a0sek\u00e4 kaksi tehdastekoista kalansavustusuunia ja maahan rakennettu\u00a0\u00a0rosvonpaistiuuni.Ankkalammesta Pikkulev\u00e4tykseen johtavaan kannakseen on tehty helikoptereille\u00a0\u00a0laskeutumispaikka.<\/p>\n<h3>P\u00e4\u00e4laituri<\/h3>\n<p><a href=\"http:\/\/www.rtvry.fi\/wp-content\/uploads\/2014\/04\/levatys_paalaituri.jpg\"><img decoding=\"async\" loading=\"lazy\" class=\"alignleft size-full wp-image-90\" alt=\"levatys_paalaituri\" src=\"http:\/\/www.rtvry.fi\/wp-content\/uploads\/2014\/04\/levatys_paalaituri.jpg\" width=\"400\" height=\"300\" srcset=\"https:\/\/www.rtvry.fi\/wp-content\/uploads\/2014\/04\/levatys_paalaituri.jpg 400w, https:\/\/www.rtvry.fi\/wp-content\/uploads\/2014\/04\/levatys_paalaituri-300x225.jpg 300w\" sizes=\"(max-width: 400px) 100vw, 400px\" \/><\/a>Nykyinen Lev\u00e4tyksen p\u00e4\u00e4laituri tehtiin talvella1996. Laiturin harkut veistettiin telakalla Pet\u00e4j\u00e4ksess\u00e4 josta kuljetettiin j\u00e4it\u00e4 my\u00f6ten Lev\u00e4tykseen mereen upotettavaksi.<\/p>\n<p>Laiturilla on pituutta 124.4m, kansineli\u00f6it\u00e4 on 277m2. Laiturilla on kaksi seurustelupaikkaa jotka sijoittuvat l\u00e4helle laiturien p\u00e4\u00e4tyj\u00e4. Istumasyvennyksi\u00e4 on seitsem\u00e4n tasaisesti jaotettuna. Syv\u00e4ytt\u00e4 veneille laiturissa on 1.5-2m, paitsi noin 40 metrin osalla ns. purjevenepaikoissa sit\u00e4 on 2.5m. \u00a0Laituriin on poijukiinnitys ja veneit\u00e4 mahtuu noin 40 kpl. Laiturilla on valaistus sek\u00e4 mahdollisuus maas\u00e4hk\u00f6\u00f6n. P\u00e4\u00e4laiturin kaakkoisp\u00e4\u00e4dyn l\u00e4heisyydess\u00e4 on jollaluiska.<\/p>\n<p>&nbsp;<\/p>\n<h3>P\u00e4\u00e4rakennus<\/h3>\n<p><a href=\"http:\/\/www.rtvry.fi\/wp-content\/uploads\/2014\/04\/paarakennus.jpg\"><img decoding=\"async\" loading=\"lazy\" class=\"alignleft size-full wp-image-96\" alt=\"paarakennus\" src=\"http:\/\/www.rtvry.fi\/wp-content\/uploads\/2014\/04\/paarakennus.jpg\" width=\"300\" height=\"210\" \/><\/a>P\u00e4\u00e4rakennuksen eli seuramajan rakensivat Rauman seudun kalastajainseura v1936 tarkoituksiinsa soveltuvaksi pitopaikaksi. Seuramme haltuun rakennus ostettiin 4.10.1977 Ilkka Lipsaselta. H\u00e4nell\u00e4 oli omaan k\u00e4ytt\u00f6\u00f6ns\u00e4 valmiit rakennuksen korjaussuunnitelmat, jotka piirrettiin sittemmin uusiksi, l\u00e4hinn\u00e4 yhdistystoimintaan sopivaksi.<\/p>\n<p>Rakennuksen saliosa palvelee viel\u00e4kin juhlien ja tilaisuuksien kokoontumispaikkana. Keitti\u00f6osa on rakennettu lis\u00e4siipen\u00e4 vuosien varrella. Eteinen on uusittu, samaten ulkoeteinen rakennettu lis\u00e4n\u00e4. Alkuper\u00e4isen p\u00e4rekaton p\u00e4\u00e4lle on laitettu ensin huopa ja viimeksi peltikate. Johtokunnan huone palvelee vieraita, my\u00f6skin y\u00f6pymiseen. Vinttitilaan on rakennettu nuorisolle omat tilat.<\/p>\n<h3>Rantasauna<\/h3>\n<p><a href=\"http:\/\/www.rtvry.fi\/wp-content\/uploads\/2014\/04\/levatys_rantasauna.jpg\"><img decoding=\"async\" loading=\"lazy\" class=\"alignleft  wp-image-91\" alt=\"levatys_rantasauna\" src=\"http:\/\/www.rtvry.fi\/wp-content\/uploads\/2014\/04\/levatys_rantasauna.jpg\" width=\"400\" height=\"300\" srcset=\"https:\/\/www.rtvry.fi\/wp-content\/uploads\/2014\/04\/levatys_rantasauna.jpg 400w, https:\/\/www.rtvry.fi\/wp-content\/uploads\/2014\/04\/levatys_rantasauna-300x225.jpg 300w\" sizes=\"(max-width: 400px) 100vw, 400px\" \/><\/a>Talvella 1978 puretusta Uudenlahden viljankuivaamosta rakennettiin kes\u00e4n aikana saaren etel\u00e4\/lounaiseen kalliorantaan sauna ja takkahuone, johon on muurattu takka luonnonkivist\u00e4 jotka on ker\u00e4tty saarella asuneen kalastajaperheen asunnon sokkelikivetyksest\u00e4.<\/p>\n<p>Saunaa on moneen kertaan peruskorjattu, rakennettu pukeutumistilat miehille ja naisille. Sauna on ns. yhteisk\u00e4yt\u00f6ss\u00e4 saman aikaisesti kaikille saunojille, pesuveten\u00e4 on toistaiseksi merivesi. Saunarannassa on uimaportaat ja ponku v\u00e4litt\u00f6m\u00e4ss\u00e4 l\u00e4heisyydess\u00e4, syv\u00e4ytt\u00e4 hyppypaikassa on 3.5-4 m sek\u00e4 laspsia varten hiekkainen uimaranta liukum\u00e4ell\u00e4\u00e4n. Pukeutumistilojen terassiosaan katokseen on rakennettu astioiden pesupaikka \u201dpulpettiveneilij\u00f6ille\u201d.<\/p>\n<p>&nbsp;<\/p>\n<h3>Grillikatos<\/h3>\n<p><a href=\"http:\/\/www.rtvry.fi\/wp-content\/uploads\/2014\/04\/levatys_grillikatos.jpg\"><img decoding=\"async\" loading=\"lazy\" class=\"alignleft size-full wp-image-88\" alt=\"levatys_grillikatos\" src=\"http:\/\/www.rtvry.fi\/wp-content\/uploads\/2014\/04\/levatys_grillikatos.jpg\" width=\"533\" height=\"377\" srcset=\"https:\/\/www.rtvry.fi\/wp-content\/uploads\/2014\/04\/levatys_grillikatos.jpg 533w, https:\/\/www.rtvry.fi\/wp-content\/uploads\/2014\/04\/levatys_grillikatos-300x212.jpg 300w\" sizes=\"(max-width: 533px) 100vw, 533px\" \/><\/a>Lentopallokent\u00e4n v\u00e4litt\u00f6m\u00e4ss\u00e4 l\u00e4heisyydess\u00e4\u00a0\u00a0suojaisessa paikassa on grillikatos johon on kaivonrenkaasta rakennettu grillauspaikka. Grillikatoksella pidet\u00e4\u00e4n syksyiset lauluillat ja seurataan lentopallokent\u00e4ll\u00e4 tapahtuvia pelej\u00e4. Alueella on valaistus.<\/p>\n","protected":false},"excerpt":{"rendered":"<p>Lev\u00e4tys Lev\u00e4tys, seuramme k\u00e4yt\u00f6ss\u00e4 oleva 1.72 ha suuruinen kaksiosainen kannaksella yhdistynyt luonnonkaunis saari sijaitsee Haapasaarenvedell\u00e4 noin 5 mailia Raumalta pohjoiseen, kahden metrin reimaroidun venereitin it\u00e4puolella, Reksaaren kartun etel\u00e4puolella.Lev\u00e4tyst\u00e4, seuramme syd\u00e4nt\u00e4 on m\u00e4\u00e4r\u00e4tietoisesti kehitetty ja rakennettu sen hallussaoloaikamme, se on luonut erinomaiset saaristomerim\u00e4iset puitteet erimuotoisille vapaa-ajan ja veneilytoiminnan muodoille kaikkina vuodenaikoina. Paikka on ihanteellinen sek\u00e4 nuorisotoiminnalle &#8230; <a title=\"Seuran saaritukikohta merell\u00e4\" class=\"read-more\" href=\"https:\/\/www.rtvry.fi\/?page_id=38\">Lue lis\u00e4\u00e4<\/a><\/p>\n","protected":false},"author":1,"featured_media":0,"parent":10,"menu_order":0,"comment_status":"closed","ping_status":"closed","template":"","meta":{"generate_page_header":""},"_links":{"self":[{"href":"https:\/\/www.rtvry.fi\/index.php?rest_route=\/wp\/v2\/pages\/38"}],"collection":[{"href":"https:\/\/www.rtvry.fi\/index.php?rest_route=\/wp\/v2\/pages"}],"about":[{"href":"https:\/\/www.rtvry.fi\/index.php?rest_route=\/wp\/v2\/types\/page"}],"author":[{"embeddable":true,"href":"https:\/\/www.rtvry.fi\/index.php?rest_route=\/wp\/v2\/users\/1"}],"replies":[{"embeddable":true,"href":"https:\/\/www.rtvry.fi\/index.php?rest_route=%2Fwp%2Fv2%2Fcomments&post=38"}],"version-history":[{"count":14,"href":"https:\/\/www.rtvry.fi\/index.php?rest_route=\/wp\/v2\/pages\/38\/revisions"}],"predecessor-version":[{"id":106,"href":"https:\/\/www.rtvry.fi\/index.php?rest_route=\/wp\/v2\/pages\/38\/revisions\/106"}],"up":[{"embeddable":true,"href":"https:\/\/www.rtvry.fi\/index.php?rest_route=\/wp\/v2\/pages\/10"}],"wp:attachment":[{"href":"https:\/\/www.rtvry.fi\/index.php?rest_route=%2Fwp%2Fv2%2Fmedia&parent=38"}],"curies":[{"name":"wp","href":"https:\/\/api.w.org\/{rel}","templated":true}]}}